{"id":691,"date":"2019-02-22T15:59:29","date_gmt":"2019-02-22T14:59:29","guid":{"rendered":"https:\/\/hotel71.ca\/revue-de-presse\/"},"modified":"2019-06-12T23:20:28","modified_gmt":"2019-06-12T21:20:28","slug":"in-the-news","status":"publish","type":"page","link":"https:\/\/hotel71.ca\/en\/in-the-news\/","title":{"rendered":"In the news"},"content":{"rendered":"\r\n<p>Ceci est une page d\u2019exemple. C\u2019est diff\u00e9rent d\u2019un article de blog parce qu\u2019elle restera au m\u00eame endroit et appara\u00eetra dans la navigation de votre site (dans la plupart des th\u00e8mes). La plupart des gens commencent par une page \u00ab\u00a0\u00c0 propos\u00a0\u00bb qui les pr\u00e9sente aux visiteurs du site. Cela pourrait ressembler \u00e0 quelque chose comme cela\u00a0:<\/p>\r\n\r\n\r\n\r\n<blockquote class=\"wp-block-quote is-layout-flow wp-block-quote-is-layout-flow\">\r\n<p>Bonjour\u00a0! Je suis un m\u00e9canicien qui aspire \u00e0 devenir acteur, et voici mon site. J\u2019habite \u00e0 Bordeaux, j\u2019ai un super chien baptis\u00e9 Russell, et j\u2019aime la vodka-ananas (ainsi qu\u2019\u00eatre surpris par la pluie soudaine lors de longues balades sur la plage au coucher du soleil).<\/p>\r\n<\/blockquote>\r\n\r\n\r\n\r\n<p>... ou quelque chose comme cela\u00a0:<\/p>\r\n\r\n\r\n\r\n<blockquote class=\"wp-block-quote is-layout-flow wp-block-quote-is-layout-flow\">\r\n<p>La soci\u00e9t\u00e9 123 Machin Truc a \u00e9t\u00e9 cr\u00e9\u00e9e en 1971, et n\u2019a cess\u00e9 de proposer au public des machins-trucs de qualit\u00e9 depuis lors. Situ\u00e9e \u00e0 Saint-Remy-en-Bouzemont-Saint-Genest-et-Isson, 123 Machin Truc emploie 2 000 personnes, et fabrique toutes sortes de bidules super pour la communaut\u00e9 bouzemontoise.<\/p>\r\n<\/blockquote>\r\n\r\n\r\n\r\n<p>En tant que nouvel\u00b7le utilisateur ou utilisatrice de WordPress, vous devriez vous rendre sur <a href=\"https:\/\/hotel71.ca\/wp-admin\/\">votre tableau de bord<\/a> pour supprimer cette page et cr\u00e9er de nouvelles pages pour votre contenu. Amusez-vous bien\u00a0!<\/p>\r\n","protected":false},"excerpt":{"rendered":"<p>Ceci est une page d\u2019exemple. C\u2019est diff\u00e9rent d\u2019un article de blog parce qu\u2019elle restera au m\u00eame endroit et appara\u00eetra dans la navigation de votre site (dans la plupart des th\u00e8mes). La plupart des gens commencent par une page \u00ab\u00a0\u00c0 propos\u00a0\u00bb qui les pr\u00e9sente aux visiteurs du site. Cela pourrait ressembler \u00e0 quelque chose comme cela\u00a0: [&hellip;]<\/p>\n","protected":false},"author":3,"featured_media":0,"parent":0,"menu_order":0,"comment_status":"closed","ping_status":"open","template":"","meta":{"_acf_changed":false,"inline_featured_image":false,"footnotes":""},"class_list":["post-691","page","type-page","status-publish","hentry"],"acf":[],"yoast_head":"<!-- This site is optimized with the Yoast SEO plugin v27.6 - https:\/\/yoast.com\/product\/yoast-seo-wordpress\/ -->\n<title>In the news - H\u00f4tel 71<\/title>\n<meta name=\"description\" content=\"For your next business trip to Qu\u00e9bec City, choose H\u00f4tel 71. Located in the heart of Qu\u00e9bec City, a UNESCO World Heritage city, H\u00f4tel 71 is ideal for business travellers.\" \/>\n<meta name=\"robots\" content=\"index, follow, max-snippet:-1, max-image-preview:large, max-video-preview:-1\" \/>\n<link rel=\"canonical\" href=\"https:\/\/hotel71.ca\/en\/in-the-news\/\" \/>\n<meta property=\"og:locale\" content=\"en_US\" \/>\n<meta property=\"og:type\" content=\"article\" \/>\n<meta property=\"og:title\" content=\"In the news - H\u00f4tel 71\" \/>\n<meta property=\"og:description\" content=\"For your next business trip to Qu\u00e9bec City, choose H\u00f4tel 71. Located in the heart of Qu\u00e9bec City, a UNESCO World Heritage city, H\u00f4tel 71 is ideal for business travellers.\" \/>\n<meta property=\"og:url\" content=\"https:\/\/hotel71.ca\/en\/in-the-news\/\" \/>\n<meta property=\"og:site_name\" content=\"H\u00f4tel 71\" \/>\n<meta property=\"article:modified_time\" content=\"2019-06-12T21:20:28+00:00\" \/>\n<meta name=\"twitter:card\" content=\"summary_large_image\" \/>\n<meta name=\"twitter:label1\" content=\"Est. reading time\" \/>\n\t<meta name=\"twitter:data1\" content=\"1 minute\" \/>\n<script type=\"application\/ld+json\" class=\"yoast-schema-graph\">{\"@context\":\"https:\\\/\\\/schema.org\",\"@graph\":[{\"@type\":\"WebPage\",\"@id\":\"https:\\\/\\\/hotel71.ca\\\/en\\\/in-the-news\\\/\",\"url\":\"https:\\\/\\\/hotel71.ca\\\/en\\\/in-the-news\\\/\",\"name\":\"In the news - H\u00f4tel 71\",\"isPartOf\":{\"@id\":\"https:\\\/\\\/hotel71.ca\\\/#website\"},\"datePublished\":\"2019-02-22T14:59:29+00:00\",\"dateModified\":\"2019-06-12T21:20:28+00:00\",\"description\":\"For your next business trip to Qu\u00e9bec City, choose H\u00f4tel 71. Located in the heart of Qu\u00e9bec City, a UNESCO World Heritage city, H\u00f4tel 71 is ideal for business travellers.\",\"breadcrumb\":{\"@id\":\"https:\\\/\\\/hotel71.ca\\\/en\\\/in-the-news\\\/#breadcrumb\"},\"inLanguage\":\"en-US\",\"potentialAction\":[{\"@type\":\"ReadAction\",\"target\":[\"https:\\\/\\\/hotel71.ca\\\/en\\\/in-the-news\\\/\"]}]},{\"@type\":\"BreadcrumbList\",\"@id\":\"https:\\\/\\\/hotel71.ca\\\/en\\\/in-the-news\\\/#breadcrumb\",\"itemListElement\":[{\"@type\":\"ListItem\",\"position\":1,\"name\":\"Accueil\",\"item\":\"https:\\\/\\\/hotel71.ca\\\/en\\\/\"},{\"@type\":\"ListItem\",\"position\":2,\"name\":\"In the news\"}]},{\"@type\":\"WebSite\",\"@id\":\"https:\\\/\\\/hotel71.ca\\\/#website\",\"url\":\"https:\\\/\\\/hotel71.ca\\\/\",\"name\":\"H\u00f4tel 71\",\"description\":\"Une exp\u00e9rience au c\u0153ur du Vieux-Qu\u00e9bec\",\"publisher\":{\"@id\":\"https:\\\/\\\/hotel71.ca\\\/#organization\"},\"potentialAction\":[{\"@type\":\"SearchAction\",\"target\":{\"@type\":\"EntryPoint\",\"urlTemplate\":\"https:\\\/\\\/hotel71.ca\\\/?s={search_term_string}\"},\"query-input\":{\"@type\":\"PropertyValueSpecification\",\"valueRequired\":true,\"valueName\":\"search_term_string\"}}],\"inLanguage\":\"en-US\"},{\"@type\":\"Organization\",\"@id\":\"https:\\\/\\\/hotel71.ca\\\/#organization\",\"name\":\"H\u00f4tel 71\",\"url\":\"https:\\\/\\\/hotel71.ca\\\/\",\"logo\":{\"@type\":\"ImageObject\",\"inLanguage\":\"en-US\",\"@id\":\"https:\\\/\\\/hotel71.ca\\\/#\\\/schema\\\/logo\\\/image\\\/\",\"url\":\"https:\\\/\\\/hotel71.ca\\\/wp-content\\\/uploads\\\/2019\\\/04\\\/71_favicon.jpg\",\"contentUrl\":\"https:\\\/\\\/hotel71.ca\\\/wp-content\\\/uploads\\\/2019\\\/04\\\/71_favicon.jpg\",\"width\":32,\"height\":32,\"caption\":\"H\u00f4tel 71\"},\"image\":{\"@id\":\"https:\\\/\\\/hotel71.ca\\\/#\\\/schema\\\/logo\\\/image\\\/\"}}]}<\/script>\n<!-- \/ Yoast SEO plugin. -->","yoast_head_json":{"title":"In the news - H\u00f4tel 71","description":"For your next business trip to Qu\u00e9bec City, choose H\u00f4tel 71. Located in the heart of Qu\u00e9bec City, a UNESCO World Heritage city, H\u00f4tel 71 is ideal for business travellers.","robots":{"index":"index","follow":"follow","max-snippet":"max-snippet:-1","max-image-preview":"max-image-preview:large","max-video-preview":"max-video-preview:-1"},"canonical":"https:\/\/hotel71.ca\/en\/in-the-news\/","og_locale":"en_US","og_type":"article","og_title":"In the news - H\u00f4tel 71","og_description":"For your next business trip to Qu\u00e9bec City, choose H\u00f4tel 71. Located in the heart of Qu\u00e9bec City, a UNESCO World Heritage city, H\u00f4tel 71 is ideal for business travellers.","og_url":"https:\/\/hotel71.ca\/en\/in-the-news\/","og_site_name":"H\u00f4tel 71","article_modified_time":"2019-06-12T21:20:28+00:00","twitter_card":"summary_large_image","twitter_misc":{"Est. reading time":"1 minute"},"schema":{"@context":"https:\/\/schema.org","@graph":[{"@type":"WebPage","@id":"https:\/\/hotel71.ca\/en\/in-the-news\/","url":"https:\/\/hotel71.ca\/en\/in-the-news\/","name":"In the news - H\u00f4tel 71","isPartOf":{"@id":"https:\/\/hotel71.ca\/#website"},"datePublished":"2019-02-22T14:59:29+00:00","dateModified":"2019-06-12T21:20:28+00:00","description":"For your next business trip to Qu\u00e9bec City, choose H\u00f4tel 71. Located in the heart of Qu\u00e9bec City, a UNESCO World Heritage city, H\u00f4tel 71 is ideal for business travellers.","breadcrumb":{"@id":"https:\/\/hotel71.ca\/en\/in-the-news\/#breadcrumb"},"inLanguage":"en-US","potentialAction":[{"@type":"ReadAction","target":["https:\/\/hotel71.ca\/en\/in-the-news\/"]}]},{"@type":"BreadcrumbList","@id":"https:\/\/hotel71.ca\/en\/in-the-news\/#breadcrumb","itemListElement":[{"@type":"ListItem","position":1,"name":"Accueil","item":"https:\/\/hotel71.ca\/en\/"},{"@type":"ListItem","position":2,"name":"In the news"}]},{"@type":"WebSite","@id":"https:\/\/hotel71.ca\/#website","url":"https:\/\/hotel71.ca\/","name":"H\u00f4tel 71","description":"Une exp\u00e9rience au c\u0153ur du Vieux-Qu\u00e9bec","publisher":{"@id":"https:\/\/hotel71.ca\/#organization"},"potentialAction":[{"@type":"SearchAction","target":{"@type":"EntryPoint","urlTemplate":"https:\/\/hotel71.ca\/?s={search_term_string}"},"query-input":{"@type":"PropertyValueSpecification","valueRequired":true,"valueName":"search_term_string"}}],"inLanguage":"en-US"},{"@type":"Organization","@id":"https:\/\/hotel71.ca\/#organization","name":"H\u00f4tel 71","url":"https:\/\/hotel71.ca\/","logo":{"@type":"ImageObject","inLanguage":"en-US","@id":"https:\/\/hotel71.ca\/#\/schema\/logo\/image\/","url":"https:\/\/hotel71.ca\/wp-content\/uploads\/2019\/04\/71_favicon.jpg","contentUrl":"https:\/\/hotel71.ca\/wp-content\/uploads\/2019\/04\/71_favicon.jpg","width":32,"height":32,"caption":"H\u00f4tel 71"},"image":{"@id":"https:\/\/hotel71.ca\/#\/schema\/logo\/image\/"}}]}},"publishpress_future_workflow_manual_trigger":{"enabledWorkflows":[]},"_links":{"self":[{"href":"https:\/\/hotel71.ca\/en\/wp-json\/wp\/v2\/pages\/691","targetHints":{"allow":["GET"]}}],"collection":[{"href":"https:\/\/hotel71.ca\/en\/wp-json\/wp\/v2\/pages"}],"about":[{"href":"https:\/\/hotel71.ca\/en\/wp-json\/wp\/v2\/types\/page"}],"author":[{"embeddable":true,"href":"https:\/\/hotel71.ca\/en\/wp-json\/wp\/v2\/users\/3"}],"replies":[{"embeddable":true,"href":"https:\/\/hotel71.ca\/en\/wp-json\/wp\/v2\/comments?post=691"}],"version-history":[{"count":7,"href":"https:\/\/hotel71.ca\/en\/wp-json\/wp\/v2\/pages\/691\/revisions"}],"predecessor-version":[{"id":1506,"href":"https:\/\/hotel71.ca\/en\/wp-json\/wp\/v2\/pages\/691\/revisions\/1506"}],"wp:attachment":[{"href":"https:\/\/hotel71.ca\/en\/wp-json\/wp\/v2\/media?parent=691"}],"curies":[{"name":"wp","href":"https:\/\/api.w.org\/{rel}","templated":true}]}}