{"id":3756,"date":"2026-01-20T15:49:27","date_gmt":"2026-01-20T20:49:27","guid":{"rendered":"https:\/\/hotel71.ca\/?page_id=3756"},"modified":"2026-01-20T15:51:56","modified_gmt":"2026-01-20T20:51:56","slug":"test","status":"publish","type":"page","link":"https:\/\/hotel71.ca\/en\/test\/","title":{"rendered":"test"},"content":{"rendered":"","protected":false},"excerpt":{"rendered":"","protected":false},"author":3,"featured_media":0,"parent":0,"menu_order":0,"comment_status":"closed","ping_status":"closed","template":"","meta":{"_acf_changed":false,"inline_featured_image":false,"footnotes":""},"class_list":["post-3756","page","type-page","status-publish","hentry"],"acf":[],"yoast_head":"<!-- This site is optimized with the Yoast SEO plugin v27.6 - https:\/\/yoast.com\/product\/yoast-seo-wordpress\/ -->\n<title>test - H\u00f4tel 71<\/title>\n<meta name=\"robots\" content=\"index, follow, max-snippet:-1, max-image-preview:large, max-video-preview:-1\" \/>\n<link rel=\"canonical\" href=\"https:\/\/hotel71.ca\/en\/test\/\" \/>\n<meta property=\"og:locale\" content=\"en_US\" \/>\n<meta property=\"og:type\" content=\"article\" \/>\n<meta property=\"og:title\" content=\"test - H\u00f4tel 71\" \/>\n<meta property=\"og:url\" content=\"https:\/\/hotel71.ca\/en\/test\/\" \/>\n<meta property=\"og:site_name\" content=\"H\u00f4tel 71\" \/>\n<meta property=\"article:modified_time\" content=\"2026-01-20T20:51:56+00:00\" \/>\n<meta name=\"twitter:card\" content=\"summary_large_image\" \/>\n<script type=\"application\/ld+json\" class=\"yoast-schema-graph\">{\"@context\":\"https:\\\/\\\/schema.org\",\"@graph\":[{\"@type\":\"WebPage\",\"@id\":\"https:\\\/\\\/hotel71.ca\\\/en\\\/test\\\/\",\"url\":\"https:\\\/\\\/hotel71.ca\\\/en\\\/test\\\/\",\"name\":\"test - H\u00f4tel 71\",\"isPartOf\":{\"@id\":\"https:\\\/\\\/hotel71.ca\\\/#website\"},\"datePublished\":\"2026-01-20T20:49:27+00:00\",\"dateModified\":\"2026-01-20T20:51:56+00:00\",\"breadcrumb\":{\"@id\":\"https:\\\/\\\/hotel71.ca\\\/en\\\/test\\\/#breadcrumb\"},\"inLanguage\":\"en-US\",\"potentialAction\":[{\"@type\":\"ReadAction\",\"target\":[\"https:\\\/\\\/hotel71.ca\\\/en\\\/test\\\/\"]}]},{\"@type\":\"BreadcrumbList\",\"@id\":\"https:\\\/\\\/hotel71.ca\\\/en\\\/test\\\/#breadcrumb\",\"itemListElement\":[{\"@type\":\"ListItem\",\"position\":1,\"name\":\"Accueil\",\"item\":\"https:\\\/\\\/hotel71.ca\\\/en\\\/\"},{\"@type\":\"ListItem\",\"position\":2,\"name\":\"test\"}]},{\"@type\":\"WebSite\",\"@id\":\"https:\\\/\\\/hotel71.ca\\\/#website\",\"url\":\"https:\\\/\\\/hotel71.ca\\\/\",\"name\":\"H\u00f4tel 71\",\"description\":\"Une exp\u00e9rience au c\u0153ur du Vieux-Qu\u00e9bec\",\"publisher\":{\"@id\":\"https:\\\/\\\/hotel71.ca\\\/#organization\"},\"potentialAction\":[{\"@type\":\"SearchAction\",\"target\":{\"@type\":\"EntryPoint\",\"urlTemplate\":\"https:\\\/\\\/hotel71.ca\\\/?s={search_term_string}\"},\"query-input\":{\"@type\":\"PropertyValueSpecification\",\"valueRequired\":true,\"valueName\":\"search_term_string\"}}],\"inLanguage\":\"en-US\"},{\"@type\":\"Organization\",\"@id\":\"https:\\\/\\\/hotel71.ca\\\/#organization\",\"name\":\"H\u00f4tel 71\",\"url\":\"https:\\\/\\\/hotel71.ca\\\/\",\"logo\":{\"@type\":\"ImageObject\",\"inLanguage\":\"en-US\",\"@id\":\"https:\\\/\\\/hotel71.ca\\\/#\\\/schema\\\/logo\\\/image\\\/\",\"url\":\"https:\\\/\\\/hotel71.ca\\\/wp-content\\\/uploads\\\/2019\\\/04\\\/71_favicon.jpg\",\"contentUrl\":\"https:\\\/\\\/hotel71.ca\\\/wp-content\\\/uploads\\\/2019\\\/04\\\/71_favicon.jpg\",\"width\":32,\"height\":32,\"caption\":\"H\u00f4tel 71\"},\"image\":{\"@id\":\"https:\\\/\\\/hotel71.ca\\\/#\\\/schema\\\/logo\\\/image\\\/\"}}]}<\/script>\n<!-- \/ Yoast SEO plugin. -->","yoast_head_json":{"title":"test - H\u00f4tel 71","robots":{"index":"index","follow":"follow","max-snippet":"max-snippet:-1","max-image-preview":"max-image-preview:large","max-video-preview":"max-video-preview:-1"},"canonical":"https:\/\/hotel71.ca\/en\/test\/","og_locale":"en_US","og_type":"article","og_title":"test - H\u00f4tel 71","og_url":"https:\/\/hotel71.ca\/en\/test\/","og_site_name":"H\u00f4tel 71","article_modified_time":"2026-01-20T20:51:56+00:00","twitter_card":"summary_large_image","schema":{"@context":"https:\/\/schema.org","@graph":[{"@type":"WebPage","@id":"https:\/\/hotel71.ca\/en\/test\/","url":"https:\/\/hotel71.ca\/en\/test\/","name":"test - H\u00f4tel 71","isPartOf":{"@id":"https:\/\/hotel71.ca\/#website"},"datePublished":"2026-01-20T20:49:27+00:00","dateModified":"2026-01-20T20:51:56+00:00","breadcrumb":{"@id":"https:\/\/hotel71.ca\/en\/test\/#breadcrumb"},"inLanguage":"en-US","potentialAction":[{"@type":"ReadAction","target":["https:\/\/hotel71.ca\/en\/test\/"]}]},{"@type":"BreadcrumbList","@id":"https:\/\/hotel71.ca\/en\/test\/#breadcrumb","itemListElement":[{"@type":"ListItem","position":1,"name":"Accueil","item":"https:\/\/hotel71.ca\/en\/"},{"@type":"ListItem","position":2,"name":"test"}]},{"@type":"WebSite","@id":"https:\/\/hotel71.ca\/#website","url":"https:\/\/hotel71.ca\/","name":"H\u00f4tel 71","description":"Une exp\u00e9rience au c\u0153ur du Vieux-Qu\u00e9bec","publisher":{"@id":"https:\/\/hotel71.ca\/#organization"},"potentialAction":[{"@type":"SearchAction","target":{"@type":"EntryPoint","urlTemplate":"https:\/\/hotel71.ca\/?s={search_term_string}"},"query-input":{"@type":"PropertyValueSpecification","valueRequired":true,"valueName":"search_term_string"}}],"inLanguage":"en-US"},{"@type":"Organization","@id":"https:\/\/hotel71.ca\/#organization","name":"H\u00f4tel 71","url":"https:\/\/hotel71.ca\/","logo":{"@type":"ImageObject","inLanguage":"en-US","@id":"https:\/\/hotel71.ca\/#\/schema\/logo\/image\/","url":"https:\/\/hotel71.ca\/wp-content\/uploads\/2019\/04\/71_favicon.jpg","contentUrl":"https:\/\/hotel71.ca\/wp-content\/uploads\/2019\/04\/71_favicon.jpg","width":32,"height":32,"caption":"H\u00f4tel 71"},"image":{"@id":"https:\/\/hotel71.ca\/#\/schema\/logo\/image\/"}}]}},"publishpress_future_workflow_manual_trigger":{"enabledWorkflows":[]},"_links":{"self":[{"href":"https:\/\/hotel71.ca\/en\/wp-json\/wp\/v2\/pages\/3756","targetHints":{"allow":["GET"]}}],"collection":[{"href":"https:\/\/hotel71.ca\/en\/wp-json\/wp\/v2\/pages"}],"about":[{"href":"https:\/\/hotel71.ca\/en\/wp-json\/wp\/v2\/types\/page"}],"author":[{"embeddable":true,"href":"https:\/\/hotel71.ca\/en\/wp-json\/wp\/v2\/users\/3"}],"replies":[{"embeddable":true,"href":"https:\/\/hotel71.ca\/en\/wp-json\/wp\/v2\/comments?post=3756"}],"version-history":[{"count":3,"href":"https:\/\/hotel71.ca\/en\/wp-json\/wp\/v2\/pages\/3756\/revisions"}],"predecessor-version":[{"id":3759,"href":"https:\/\/hotel71.ca\/en\/wp-json\/wp\/v2\/pages\/3756\/revisions\/3759"}],"wp:attachment":[{"href":"https:\/\/hotel71.ca\/en\/wp-json\/wp\/v2\/media?parent=3756"}],"curies":[{"name":"wp","href":"https:\/\/api.w.org\/{rel}","templated":true}]}}